{"id":574,"date":"2024-12-12T14:00:43","date_gmt":"2024-12-12T13:00:43","guid":{"rendered":"http:\/\/www.sporthotelvalmez.cz\/sport-hotel-centrum\/o-nas\/"},"modified":"2025-03-05T13:16:16","modified_gmt":"2025-03-05T12:16:16","slug":"about-us","status":"publish","type":"page","link":"https:\/\/www.sporthotelvalmez.cz\/en\/sport-hotel-centrum\/about-us\/","title":{"rendered":"About Us"},"content":{"rendered":"<div class=\"gdc_row\">\n<div class=\"gdc_column gdc_chalf\">\n<div class=\"gdc_inner\">\n<p><img loading=\"lazy\" decoding=\"async\" class=\"alignnone size-thumbnail wp-image-173\" src=\"http:\/\/www.sporthotelvalmez.cz\/wp-content\/uploads\/2024\/12\/GH6A4447-Edit-kopie-800x650.jpg\" alt=\"\" width=\"800\" height=\"650\" \/><\/p>\n<p>&nbsp;<\/p>\n<\/div>\n<\/div>\n<div class=\"gdc_column gdc_chalf\">\n<div class=\"gdc_inner\">\n<h2 data-start=\"0\" data-end=\"49\">Sport HOTEL Centrum<br data-start=\"23\" data-end=\"26\" \/>Vala\u0161sk\u00e9 Mezi\u0159\u00ed\u010d\u00ed<\/h2>\n<p data-start=\"51\" data-end=\"206\">We offer accommodation for families, business clients, and sports teams, with a&nbsp;capacity of 38 fixed beds and the option of extra beds for larger groups.<\/p>\n<p data-start=\"208\" data-end=\"427\" data-is-last-node=\"\" data-is-only-node=\"\">The Sport Hotel building was formerly a&nbsp;secondary technical school of civil engineering, which underwent a&nbsp;complete renovation in 2015. Today, it offers 16 modernly equipped rooms for accommodation in Vala\u0161sk\u00e9 Mezi\u0159\u00ed\u010d\u00ed.<\/p>\n<p><a class=\"button\" href=\"\/en\/sport-hotel-centrum\/rooms\/\">Show rooms<\/a><\/p>\n<\/div>\n<\/div>\n<\/div>\n<div class=\"gdc_row\">\n<div class=\"gdc_column gdc_chalf\">\n<div class=\"gdc_inner\">\n<h2 data-start=\"0\" data-end=\"22\">Hotel Facilities<\/h2>\n<p data-start=\"24\" data-end=\"146\">Sport HOTEL Centrum Vala\u0161sk\u00e9 Mezi\u0159\u00ed\u010d\u00ed offers a&nbsp;private parking lot monitored by a&nbsp;camera system for accommodated guests.<\/p>\n<ul>\n<li data-start=\"148\" data-end=\"336\">Guests can enjoy a&nbsp;<strong data-start=\"167\" data-end=\"194\">non-smoking environment<\/strong>, <strong data-start=\"196\" data-end=\"213\" data-is-only-node=\"\">unique design<\/strong>, <strong data-start=\"215\" data-end=\"238\">pleasant atmosphere<\/strong>, and <strong data-start=\"244\" data-end=\"262\">friendly staff<\/strong>.<\/li>\n<li data-start=\"148\" data-end=\"336\">The hotel provides <strong data-start=\"285\" data-end=\"333\">storage space for bicycles and ski equipment<\/strong>.<\/li>\n<li data-start=\"338\" data-end=\"509\">Sport HOTEL Centrum is located <strong data-start=\"369\" data-end=\"407\">right next to the Be\u010dva Cycle Path<\/strong>, which leads directly to the <strong data-start=\"437\" data-end=\"476\" data-is-only-node=\"\">sports complex of Vala\u0161sk\u00e9 Mezi\u0159\u00ed\u010d\u00ed<\/strong>, just a&nbsp;<strong data-start=\"485\" data-end=\"508\">10-minute walk away<\/strong>.<\/li>\n<\/ul>\n<p><a class=\"button\" href=\"\/en\/sport-hotel-centrum\/accommodation-reservation\/\">Book Your Stay<\/a><\/p>\n<\/div>\n<\/div>\n<div class=\"gdc_column gdc_chalf\">\n<div class=\"gdc_inner\">\n<p><img loading=\"lazy\" decoding=\"async\" class=\"alignnone size-thumbnail wp-image-174\" src=\"http:\/\/www.sporthotelvalmez.cz\/wp-content\/uploads\/2024\/12\/GH6A4438-Enhanced-NR-Edit-kopie-800x650.jpg\" alt=\"\" width=\"800\" height=\"650\" \/><\/p>\n<p>&nbsp;<\/p>\n<\/div>\n<\/div>\n<\/div>\n<style type=\"text\/css\">\n\t\t\t#gallery-1 {\n\t\t\t\tmargin: auto;\n\t\t\t}\n\t\t\t#gallery-1 .gallery-item {\n\t\t\t\tfloat: left;\n\t\t\t\tmargin-top: 10px;\n\t\t\t\ttext-align: center;\n\t\t\t\twidth: 20%;\n\t\t\t}\n\t\t\t#gallery-1 img {\n\t\t\t\tborder: 2px solid #cfcfcf;\n\t\t\t}\n\t\t\t#gallery-1 .gallery-caption {\n\t\t\t\tmargin-left: 0;\n\t\t\t}\n\t\t\t\/* see gallery_shortcode() in wp-includes\/media.php *\/\n\t\t<\/style>\n<div id='gallery-1' class='gallery galleryid-574 gallery-columns-5 gallery-size-thumbnail'>\n<dl class='gallery-item'>\n<dt class='gallery-icon landscape'>\n\t\t\t\t<a href='https:\/\/www.sporthotelvalmez.cz\/wp-content\/uploads\/2024\/12\/GH6A4324-Enhanced-NR-Edit-kopie-1600x1067.jpg' title=\"\" data-rl_title=\"\" class=\"rl-gallery-link\" data-rl_caption=\"\" data-rel=\"lightbox-gallery-1\"><img loading=\"lazy\" decoding=\"async\" width=\"800\" height=\"650\" src=\"https:\/\/www.sporthotelvalmez.cz\/wp-content\/uploads\/2024\/12\/GH6A4324-Enhanced-NR-Edit-kopie-800x650.jpg\" class=\"attachment-thumbnail size-thumbnail\" alt=\"\" \/><\/a>\n\t\t\t<\/dt>\n<\/dl>\n<dl class='gallery-item'>\n<dt class='gallery-icon landscape'>\n\t\t\t\t<a href='https:\/\/www.sporthotelvalmez.cz\/wp-content\/uploads\/2024\/12\/GH6A4333-Enhanced-NR-Edit-kopie-1600x1067.jpg' title=\"\" data-rl_title=\"\" class=\"rl-gallery-link\" data-rl_caption=\"\" data-rel=\"lightbox-gallery-1\"><img loading=\"lazy\" decoding=\"async\" width=\"800\" height=\"650\" src=\"https:\/\/www.sporthotelvalmez.cz\/wp-content\/uploads\/2024\/12\/GH6A4333-Enhanced-NR-Edit-kopie-800x650.jpg\" class=\"attachment-thumbnail size-thumbnail\" alt=\"\" \/><\/a>\n\t\t\t<\/dt>\n<\/dl>\n<dl class='gallery-item'>\n<dt class='gallery-icon landscape'>\n\t\t\t\t<a href='https:\/\/www.sporthotelvalmez.cz\/wp-content\/uploads\/2024\/12\/GH6A4366-Edit-kopie-1600x1067.jpg' title=\"\" data-rl_title=\"\" class=\"rl-gallery-link\" data-rl_caption=\"\" data-rel=\"lightbox-gallery-1\"><img loading=\"lazy\" decoding=\"async\" width=\"800\" height=\"650\" src=\"https:\/\/www.sporthotelvalmez.cz\/wp-content\/uploads\/2024\/12\/GH6A4366-Edit-kopie-800x650.jpg\" class=\"attachment-thumbnail size-thumbnail\" alt=\"\" \/><\/a>\n\t\t\t<\/dt>\n<\/dl>\n<dl class='gallery-item'>\n<dt class='gallery-icon portrait'>\n\t\t\t\t<a href='https:\/\/www.sporthotelvalmez.cz\/wp-content\/uploads\/2024\/12\/GH6A4442-Edit-kopie-1067x1600.jpg' title=\"\" data-rl_title=\"\" class=\"rl-gallery-link\" data-rl_caption=\"\" data-rel=\"lightbox-gallery-1\"><img loading=\"lazy\" decoding=\"async\" width=\"800\" height=\"650\" src=\"https:\/\/www.sporthotelvalmez.cz\/wp-content\/uploads\/2024\/12\/GH6A4442-Edit-kopie-800x650.jpg\" class=\"attachment-thumbnail size-thumbnail\" alt=\"\" \/><\/a>\n\t\t\t<\/dt>\n<\/dl>\n<dl class='gallery-item'>\n<dt class='gallery-icon landscape'>\n\t\t\t\t<a href='https:\/\/www.sporthotelvalmez.cz\/wp-content\/uploads\/2024\/12\/GH6A4465-Enhanced-NR-Edit-kopie-1600x1067.jpg' title=\"\" data-rl_title=\"\" class=\"rl-gallery-link\" data-rl_caption=\"\" data-rel=\"lightbox-gallery-1\"><img loading=\"lazy\" decoding=\"async\" width=\"800\" height=\"650\" src=\"https:\/\/www.sporthotelvalmez.cz\/wp-content\/uploads\/2024\/12\/GH6A4465-Enhanced-NR-Edit-kopie-800x650.jpg\" class=\"attachment-thumbnail size-thumbnail\" alt=\"\" \/><\/a>\n\t\t\t<\/dt>\n<\/dl>\n<p><br style=\"clear: both\" \/>\n\t\t<\/div>\n","protected":false},"excerpt":{"rendered":"","protected":false},"author":1,"featured_media":514,"parent":564,"menu_order":0,"comment_status":"closed","ping_status":"closed","template":"","meta":{"footnotes":""},"class_list":["post-574","page","type-page","status-publish","has-post-thumbnail","hentry"],"acf":[],"aioseo_notices":[],"_links":{"self":[{"href":"https:\/\/www.sporthotelvalmez.cz\/en\/wp-json\/wp\/v2\/pages\/574","targetHints":{"allow":["GET"]}}],"collection":[{"href":"https:\/\/www.sporthotelvalmez.cz\/en\/wp-json\/wp\/v2\/pages"}],"about":[{"href":"https:\/\/www.sporthotelvalmez.cz\/en\/wp-json\/wp\/v2\/types\/page"}],"author":[{"embeddable":true,"href":"https:\/\/www.sporthotelvalmez.cz\/en\/wp-json\/wp\/v2\/users\/1"}],"replies":[{"embeddable":true,"href":"https:\/\/www.sporthotelvalmez.cz\/en\/wp-json\/wp\/v2\/comments?post=574"}],"version-history":[{"count":3,"href":"https:\/\/www.sporthotelvalmez.cz\/en\/wp-json\/wp\/v2\/pages\/574\/revisions"}],"predecessor-version":[{"id":675,"href":"https:\/\/www.sporthotelvalmez.cz\/en\/wp-json\/wp\/v2\/pages\/574\/revisions\/675"}],"up":[{"embeddable":true,"href":"https:\/\/www.sporthotelvalmez.cz\/en\/wp-json\/wp\/v2\/pages\/564"}],"wp:featuredmedia":[{"embeddable":true,"href":"https:\/\/www.sporthotelvalmez.cz\/en\/wp-json\/wp\/v2\/media\/514"}],"wp:attachment":[{"href":"https:\/\/www.sporthotelvalmez.cz\/en\/wp-json\/wp\/v2\/media?parent=574"}],"curies":[{"name":"wp","href":"https:\/\/api.w.org\/{rel}","templated":true}]}}